{"id":2615,"date":"2022-12-26T14:38:31","date_gmt":"2022-12-26T14:38:31","guid":{"rendered":"https:\/\/emocardio.com\/?page_id=2615"},"modified":"2023-01-06T21:07:01","modified_gmt":"2023-01-06T21:07:01","slug":"tibbi-bilgiler","status":"publish","type":"page","link":"https:\/\/emocardio.com\/?page_id=2615","title":{"rendered":"T\u0131bbi Bilgiler"},"content":{"rendered":"\t\t<div data-elementor-type=\"wp-page\" data-elementor-id=\"2615\" class=\"elementor elementor-2615\">\n\t\t\t\t\t\t<section class=\"elementor-section elementor-top-section elementor-element elementor-element-65914c3 elementor-section-height-min-height elementor-section-boxed elementor-section-height-default elementor-section-items-middle wpr-particle-no wpr-jarallax-no wpr-parallax-no wpr-sticky-section-no\" data-id=\"65914c3\" data-element_type=\"section\" data-settings=\"{&quot;background_background&quot;:&quot;classic&quot;}\">\n\t\t\t\t\t\t\t<div class=\"elementor-background-overlay\"><\/div>\n\t\t\t\t\t\t\t<div class=\"elementor-container elementor-column-gap-default\">\n\t\t\t\t\t<div class=\"elementor-column elementor-col-100 elementor-top-column elementor-element elementor-element-a209bb7\" data-id=\"a209bb7\" data-element_type=\"column\">\n\t\t\t<div class=\"elementor-widget-wrap elementor-element-populated\">\n\t\t\t\t\t\t<div class=\"elementor-element elementor-element-702c751 elementor-widget elementor-widget-heading\" data-id=\"702c751\" data-element_type=\"widget\" data-widget_type=\"heading.default\">\n\t\t\t\t<div class=\"elementor-widget-container\">\n\t\t\t<h2 class=\"elementor-heading-title elementor-size-default\">T\u0131bbi Bilgiler<\/h2>\t\t<\/div>\n\t\t\t\t<\/div>\n\t\t\t\t\t<\/div>\n\t\t<\/div>\n\t\t\t\t\t<\/div>\n\t\t<\/section>\n\t\t\t\t<section class=\"elementor-section elementor-top-section elementor-element elementor-element-1a33cca elementor-section-boxed elementor-section-height-default elementor-section-height-default wpr-particle-no wpr-jarallax-no wpr-parallax-no wpr-sticky-section-no\" data-id=\"1a33cca\" data-element_type=\"section\">\n\t\t\t\t\t\t<div class=\"elementor-container elementor-column-gap-default\">\n\t\t\t\t\t<div class=\"elementor-column elementor-col-100 elementor-top-column elementor-element elementor-element-1d510ef\" data-id=\"1d510ef\" data-element_type=\"column\">\n\t\t\t<div class=\"elementor-widget-wrap elementor-element-populated\">\n\t\t\t\t\t\t<div class=\"elementor-element elementor-element-f491538 wpr-grid-columns-3 wpr-grid-columns--tablet2 wpr-grid-columns--mobile1 wpr-grid-pagination-center wpr-item-styles-inner elementor-widget elementor-widget-wpr-grid\" data-id=\"f491538\" data-element_type=\"widget\" data-widget_type=\"wpr-grid.default\">\n\t\t\t\t<div class=\"elementor-widget-container\">\n\t\t\t<ul class=\"wpr-grid-filters elementor-clearfix wpr-grid-filters-sep-right\"><li class=\" wpr-pointer-none wpr-pointer-line-fx wpr-pointer-fx-none\"><span data-filter=\"*\" class=\"wpr-active-filter \">All Post<\/span><em class=\"wpr-grid-filters-sep\"><\/em><\/li><li class=\" wpr-pointer-none wpr-pointer-line-fx wpr-pointer-fx-none\"><span  data-filter=\".category-tibbi-bilgiler\">T\u0131bbi Bilgiler<\/span><em class=\"wpr-grid-filters-sep\"><\/em><\/li><\/ul><section class=\"wpr-grid elementor-clearfix\" data-settings=\"{&quot;layout&quot;:&quot;fitRows&quot;,&quot;stick_last_element_to_bottom&quot;:&quot;&quot;,&quot;columns_desktop&quot;:3,&quot;gutter_hr&quot;:15,&quot;gutter_hr_mobile&quot;:15,&quot;gutter_hr_mobile_extra&quot;:15,&quot;gutter_hr_tablet&quot;:15,&quot;gutter_hr_tablet_extra&quot;:15,&quot;gutter_hr_laptop&quot;:15,&quot;gutter_hr_widescreen&quot;:15,&quot;gutter_vr&quot;:15,&quot;gutter_vr_mobile&quot;:15,&quot;gutter_vr_mobile_extra&quot;:15,&quot;gutter_vr_tablet&quot;:15,&quot;gutter_vr_tablet_extra&quot;:15,&quot;gutter_vr_laptop&quot;:15,&quot;gutter_vr_widescreen&quot;:15,&quot;animation&quot;:&quot;default&quot;,&quot;animation_duration&quot;:0.3,&quot;animation_delay&quot;:0.1,&quot;deeplinking&quot;:&quot;&quot;,&quot;filters_linkable&quot;:&quot;no&quot;,&quot;filters_default_filter&quot;:&quot;&quot;,&quot;filters_count&quot;:&quot;&quot;,&quot;filters_hide_empty&quot;:&quot;no&quot;,&quot;filters_animation&quot;:&quot;default&quot;,&quot;filters_animation_duration&quot;:0.3,&quot;filters_animation_delay&quot;:0.1,&quot;pagination_type&quot;:&quot;load-more&quot;,&quot;pagination_max_pages&quot;:1,&quot;lightbox&quot;:{&quot;selector&quot;:&quot;.wpr-grid-image-wrap&quot;,&quot;iframeMaxWidth&quot;:&quot;60%&quot;,&quot;hash&quot;:false,&quot;autoplay&quot;:&quot;true&quot;,&quot;pause&quot;:5000,&quot;progressBar&quot;:&quot;true&quot;,&quot;counter&quot;:&quot;true&quot;,&quot;controls&quot;:&quot;true&quot;,&quot;getCaptionFromTitleOrAlt&quot;:&quot;true&quot;,&quot;thumbnail&quot;:&quot;&quot;,&quot;showThumbByDefault&quot;:&quot;&quot;,&quot;share&quot;:&quot;&quot;,&quot;zoom&quot;:&quot;true&quot;,&quot;fullScreen&quot;:&quot;true&quot;,&quot;download&quot;:&quot;true&quot;}}\"><article class=\"wpr-grid-item elementor-clearfix post-3020 post type-post status-publish format-standard has-post-thumbnail hentry category-tibbi-bilgiler\"><div class=\"wpr-grid-item-inner\"><div class=\"wpr-grid-media-wrap wpr-effect-size-medium \" data-overlay-link=\"yes\"><div class=\"wpr-grid-image-wrap\" data-src=\"https:\/\/emocardio.com\/wp-content\/uploads\/2023\/01\/AFib1.png\" data-img-on-hover=\"\"  data-src-secondary=\"\"><img decoding=\"async\" data-no-lazy=\"1\" src=\"https:\/\/emocardio.com\/wp-content\/uploads\/2023\/01\/AFib1.png\" alt=\"Aritmi Nedir?\" class=\"wpr-anim-timing-ease-default\"><\/div><div class=\"wpr-grid-media-hover wpr-animation-wrap\"><div class=\"wpr-grid-media-hover-bg  wpr-overlay-fade-in wpr-anim-size-large wpr-anim-timing-ease-default wpr-anim-transparency\" data-url=\"https:\/\/emocardio.com\/?p=3020\"><\/div><\/div><\/div><div class=\"wpr-grid-item-below-content elementor-clearfix\"><h2 class=\"wpr-grid-item-title elementor-repeater-item-f5793c5 wpr-grid-item-display-block wpr-grid-item-align-left wpr-pointer-none wpr-pointer-line-fx wpr-pointer-fx-fade\"><div class=\"inner-block\"><a target=\"_self\"  href=\"https:\/\/emocardio.com\/?p=3020\">Aritmi Nedir?<\/a><\/div><\/h2><div class=\"wpr-grid-item-date elementor-repeater-item-55b048a wpr-grid-item-display-inline wpr-grid-item-align-left\"><div class=\"inner-block\"><span>Ocak 9, 2023<span class=\"wpr-grid-extra-text-right\">\/<\/span><\/span><\/div><\/div><div class=\"wpr-grid-item-excerpt elementor-repeater-item-0933a04 wpr-grid-item-display-block wpr-grid-item-align-left\"><div class=\"inner-block\"><p>Aritmi Nedir? Artimi, normalde d\u00fczenli olan kalp kas\u0131lmas\u0131n\u0131n d\u00fczensizle\u015fmesi halidir. Miyokard\u0131n yani kalp kas\u0131n\u0131n kas\u0131lmas\u0131 yani sistol d\u00fczenli aral\u0131klarla ger\u00e7ekle\u015fir.&hellip;<\/p><\/div><\/div><div class=\"wpr-grid-item-read-more elementor-repeater-item-6882f63 wpr-grid-item-display-block wpr-grid-item-align-left\"><div class=\"inner-block\"><a target=\"_self\" href=\"https:\/\/emocardio.com\/?p=3020\" class=\"wpr-button-effect wpr-button-none\"><span>Daha Fazla Bilgi<\/span><\/a><\/div><\/div><\/div><\/div><\/article><article class=\"wpr-grid-item elementor-clearfix post-3011 post type-post status-publish format-standard has-post-thumbnail hentry category-tibbi-bilgiler\"><div class=\"wpr-grid-item-inner\"><div class=\"wpr-grid-media-wrap wpr-effect-size-medium \" data-overlay-link=\"yes\"><div class=\"wpr-grid-image-wrap\" data-src=\"https:\/\/emocardio.com\/wp-content\/uploads\/2023\/01\/kalp2.png\" data-img-on-hover=\"\"  data-src-secondary=\"\"><img decoding=\"async\" data-no-lazy=\"1\" src=\"https:\/\/emocardio.com\/wp-content\/uploads\/2023\/01\/kalp2.png\" alt=\"Kalbin Anatomisi ve Dola\u015f\u0131m\" class=\"wpr-anim-timing-ease-default\"><\/div><div class=\"wpr-grid-media-hover wpr-animation-wrap\"><div class=\"wpr-grid-media-hover-bg  wpr-overlay-fade-in wpr-anim-size-large wpr-anim-timing-ease-default wpr-anim-transparency\" data-url=\"https:\/\/emocardio.com\/?p=3011\"><\/div><\/div><\/div><div class=\"wpr-grid-item-below-content elementor-clearfix\"><h2 class=\"wpr-grid-item-title elementor-repeater-item-f5793c5 wpr-grid-item-display-block wpr-grid-item-align-left wpr-pointer-none wpr-pointer-line-fx wpr-pointer-fx-fade\"><div class=\"inner-block\"><a target=\"_self\"  href=\"https:\/\/emocardio.com\/?p=3011\">Kalbin Anatomisi ve Dola\u015f\u0131m<\/a><\/div><\/h2><div class=\"wpr-grid-item-date elementor-repeater-item-55b048a wpr-grid-item-display-inline wpr-grid-item-align-left\"><div class=\"inner-block\"><span>Ocak 9, 2023<span class=\"wpr-grid-extra-text-right\">\/<\/span><\/span><\/div><\/div><div class=\"wpr-grid-item-excerpt elementor-repeater-item-0933a04 wpr-grid-item-display-block wpr-grid-item-align-left\"><div class=\"inner-block\"><p>Kalbin Anatomisi ve Dola\u015f\u0131m Daha \u00f6nceki yaz\u0131larda kalbin g\u00f6\u011f\u00fcs kafesi i\u00e7inde sternumun arkas\u0131nda yerle\u015fti\u011fini ve sola e\u011fik oldu\u011funu s\u00f6ylemi\u015ftik. Kalbin&hellip;<\/p><\/div><\/div><div class=\"wpr-grid-item-read-more elementor-repeater-item-6882f63 wpr-grid-item-display-block wpr-grid-item-align-left\"><div class=\"inner-block\"><a target=\"_self\" href=\"https:\/\/emocardio.com\/?p=3011\" class=\"wpr-button-effect wpr-button-none\"><span>Daha Fazla Bilgi<\/span><\/a><\/div><\/div><\/div><\/div><\/article><article class=\"wpr-grid-item elementor-clearfix post-3001 post type-post status-publish format-standard has-post-thumbnail hentry category-tibbi-bilgiler\"><div class=\"wpr-grid-item-inner\"><div class=\"wpr-grid-media-wrap wpr-effect-size-medium \" data-overlay-link=\"yes\"><div class=\"wpr-grid-image-wrap\" data-src=\"https:\/\/emocardio.com\/wp-content\/uploads\/2023\/01\/kalppili.jpg\" data-img-on-hover=\"\"  data-src-secondary=\"\"><img decoding=\"async\" data-no-lazy=\"1\" src=\"https:\/\/emocardio.com\/wp-content\/uploads\/2023\/01\/kalppili.jpg\" alt=\"Kalp Nas\u0131l \u00c7al\u0131\u015f\u0131r\" class=\"wpr-anim-timing-ease-default\"><\/div><div class=\"wpr-grid-media-hover wpr-animation-wrap\"><div class=\"wpr-grid-media-hover-bg  wpr-overlay-fade-in wpr-anim-size-large wpr-anim-timing-ease-default wpr-anim-transparency\" data-url=\"https:\/\/emocardio.com\/?p=3001\"><\/div><\/div><\/div><div class=\"wpr-grid-item-below-content elementor-clearfix\"><h2 class=\"wpr-grid-item-title elementor-repeater-item-f5793c5 wpr-grid-item-display-block wpr-grid-item-align-left wpr-pointer-none wpr-pointer-line-fx wpr-pointer-fx-fade\"><div class=\"inner-block\"><a target=\"_self\"  href=\"https:\/\/emocardio.com\/?p=3001\">Kalp Nas\u0131l \u00c7al\u0131\u015f\u0131r<\/a><\/div><\/h2><div class=\"wpr-grid-item-date elementor-repeater-item-55b048a wpr-grid-item-display-inline wpr-grid-item-align-left\"><div class=\"inner-block\"><span>Ocak 9, 2023<span class=\"wpr-grid-extra-text-right\">\/<\/span><\/span><\/div><\/div><div class=\"wpr-grid-item-excerpt elementor-repeater-item-0933a04 wpr-grid-item-display-block wpr-grid-item-align-left\"><div class=\"inner-block\"><p>Kalp Nas\u0131l \u00c7al\u0131\u015f\u0131r \u201cKalp hakk\u0131nda temel bilgiler\u201d yaz\u0131m\u0131zda kalbin bir pompa gibi \u00e7al\u0131\u015ft\u0131\u011f\u0131n\u0131 her kas\u0131l\u0131\u015f\u0131nda i\u00e7ine dolan kan\u0131 kalp d\u0131\u015f\u0131na&hellip;<\/p><\/div><\/div><div class=\"wpr-grid-item-read-more elementor-repeater-item-6882f63 wpr-grid-item-display-block wpr-grid-item-align-left\"><div class=\"inner-block\"><a target=\"_self\" href=\"https:\/\/emocardio.com\/?p=3001\" class=\"wpr-button-effect wpr-button-none\"><span>Daha Fazla Bilgi<\/span><\/a><\/div><\/div><\/div><\/div><\/article><article class=\"wpr-grid-item elementor-clearfix post-2986 post type-post status-publish format-standard has-post-thumbnail hentry category-tibbi-bilgiler\"><div class=\"wpr-grid-item-inner\"><div class=\"wpr-grid-media-wrap wpr-effect-size-medium \" data-overlay-link=\"yes\"><div class=\"wpr-grid-image-wrap\" data-src=\"https:\/\/emocardio.com\/wp-content\/uploads\/2023\/01\/kalp-yeri.jpeg\" data-img-on-hover=\"\"  data-src-secondary=\"\"><img decoding=\"async\" data-no-lazy=\"1\" src=\"https:\/\/emocardio.com\/wp-content\/uploads\/2023\/01\/kalp-yeri.jpeg\" alt=\"&lt;strong&gt;Kalp hakk\u0131nda temel bilgiler&lt;\/strong&gt;\" class=\"wpr-anim-timing-ease-default\"><\/div><div class=\"wpr-grid-media-hover wpr-animation-wrap\"><div class=\"wpr-grid-media-hover-bg  wpr-overlay-fade-in wpr-anim-size-large wpr-anim-timing-ease-default wpr-anim-transparency\" data-url=\"https:\/\/emocardio.com\/?p=2986\"><\/div><\/div><\/div><div class=\"wpr-grid-item-below-content elementor-clearfix\"><h2 class=\"wpr-grid-item-title elementor-repeater-item-f5793c5 wpr-grid-item-display-block wpr-grid-item-align-left wpr-pointer-none wpr-pointer-line-fx wpr-pointer-fx-fade\"><div class=\"inner-block\"><a target=\"_self\"  href=\"https:\/\/emocardio.com\/?p=2986\">Kalp hakk\u0131nda temel bilgiler<\/a><\/div><\/h2><div class=\"wpr-grid-item-date elementor-repeater-item-55b048a wpr-grid-item-display-inline wpr-grid-item-align-left\"><div class=\"inner-block\"><span>Ocak 6, 2023<span class=\"wpr-grid-extra-text-right\">\/<\/span><\/span><\/div><\/div><div class=\"wpr-grid-item-excerpt elementor-repeater-item-0933a04 wpr-grid-item-display-block wpr-grid-item-align-left\"><div class=\"inner-block\"><p>Kalp Hakk\u0131nda Temel Bilgiler Kalp kas\u0131, anne karn\u0131nda 4.haftadan itibaren \u00e7al\u0131\u015fmaya ba\u015flayan ve biz uyurken bile \u00e7al\u0131\u015ft\u0131\u011f\u0131 i\u00e7in v\u00fccudun en&hellip;<\/p><\/div><\/div><div class=\"wpr-grid-item-read-more elementor-repeater-item-6882f63 wpr-grid-item-display-block wpr-grid-item-align-left\"><div class=\"inner-block\"><a target=\"_self\" href=\"https:\/\/emocardio.com\/?p=2986\" class=\"wpr-button-effect wpr-button-none\"><span>Daha Fazla Bilgi<\/span><\/a><\/div><\/div><\/div><\/div><\/article><article class=\"wpr-grid-item elementor-clearfix post-2519 post type-post status-publish format-standard has-post-thumbnail hentry category-tibbi-bilgiler\"><div class=\"wpr-grid-item-inner\"><div class=\"wpr-grid-media-wrap wpr-effect-size-medium \" data-overlay-link=\"yes\"><div class=\"wpr-grid-image-wrap\" data-src=\"https:\/\/emocardio.com\/wp-content\/uploads\/2022\/12\/cdss-istatistik.gif\" data-img-on-hover=\"\"  data-src-secondary=\"\"><img decoding=\"async\" data-no-lazy=\"1\" src=\"https:\/\/emocardio.com\/wp-content\/uploads\/2022\/12\/cdss-istatistik.gif\" alt=\"Ara\u015ft\u0131rmac\u0131lar, klinik karar deste\u011fi kullan\u0131m\u0131n\u0131n \u00f6l\u00fcm oran\u0131nda azalmaya ve hasta sonu\u00e7lar\u0131n\u0131 iyile\u015ftirmeye yol a\u00e7t\u0131\u011f\u0131n\u0131 buldular\" class=\"wpr-anim-timing-ease-default\"><\/div><div class=\"wpr-grid-media-hover wpr-animation-wrap\"><div class=\"wpr-grid-media-hover-bg  wpr-overlay-fade-in wpr-anim-size-large wpr-anim-timing-ease-default wpr-anim-transparency\" data-url=\"https:\/\/emocardio.com\/?p=2519\"><\/div><\/div><\/div><div class=\"wpr-grid-item-below-content elementor-clearfix\"><h2 class=\"wpr-grid-item-title elementor-repeater-item-f5793c5 wpr-grid-item-display-block wpr-grid-item-align-left wpr-pointer-none wpr-pointer-line-fx wpr-pointer-fx-fade\"><div class=\"inner-block\"><a target=\"_self\"  href=\"https:\/\/emocardio.com\/?p=2519\">Ara\u015ft\u0131rmac\u0131lar, klinik karar deste\u011fi kullan\u0131m\u0131n\u0131n \u00f6l\u00fcm oran\u0131nda azalmaya ve hasta sonu\u00e7lar\u0131n\u0131 iyile\u015ftirmeye yol a\u00e7t\u0131\u011f\u0131n\u0131 buldular<\/a><\/div><\/h2><div class=\"wpr-grid-item-date elementor-repeater-item-55b048a wpr-grid-item-display-inline wpr-grid-item-align-left\"><div class=\"inner-block\"><span>Aral\u0131k 26, 2022<span class=\"wpr-grid-extra-text-right\">\/<\/span><\/span><\/div><\/div><div class=\"wpr-grid-item-excerpt elementor-repeater-item-0933a04 wpr-grid-item-display-block wpr-grid-item-align-left\"><div class=\"inner-block\"><p>American Journal of Respiratory and Critical Care Medicine\u2019de yay\u0131nlanan \u00e7al\u0131\u015fma, klinik karar deste\u011finin gereksiz varyasyon ve sa\u011fl\u0131k hizmeti kalitesi \u00fczerindeki&hellip;<\/p><\/div><\/div><div class=\"wpr-grid-item-read-more elementor-repeater-item-6882f63 wpr-grid-item-display-block wpr-grid-item-align-left\"><div class=\"inner-block\"><a target=\"_self\" href=\"https:\/\/emocardio.com\/?p=2519\" class=\"wpr-button-effect wpr-button-none\"><span>Daha Fazla Bilgi<\/span><\/a><\/div><\/div><\/div><\/div><\/article><\/section>\t\t<\/div>\n\t\t\t\t<\/div>\n\t\t\t\t\t<\/div>\n\t\t<\/div>\n\t\t\t\t\t<\/div>\n\t\t<\/section>\n\t\t\t\t<\/div>\n\t\t","protected":false},"excerpt":{"rendered":"<p>T\u0131bbi Bilgiler All Post T\u0131bbi Bilgiler Kalp hakk\u0131nda temel bilgiler Ocak 6, 2023\/ Kalp Hakk\u0131nda Temel Bilgiler Kalp kas\u0131, anne karn\u0131nda 4.haftadan itibaren \u00e7al\u0131\u015fmaya ba\u015flayan ve biz uyurken bile \u00e7al\u0131\u015ft\u0131\u011f\u0131 i\u00e7in v\u00fccudun en&hellip; Daha Fazla Bilgi Ara\u015ft\u0131rmac\u0131lar, klinik karar deste\u011fi kullan\u0131m\u0131n\u0131n \u00f6l\u00fcm oran\u0131nda azalmaya ve hasta sonu\u00e7lar\u0131n\u0131 iyile\u015ftirmeye yol a\u00e7t\u0131\u011f\u0131n\u0131 buldular Aral\u0131k 26, 2022\/ American Journal of Respiratory and Critical Care Medicine\u2019de yay\u0131nlanan \u00e7al\u0131\u015fma, klinik karar deste\u011finin gereksiz varyasyon ve sa\u011fl\u0131k hizmeti kalitesi \u00fczerindeki&hellip; Daha Fazla Bilgi<\/p>\n","protected":false},"author":1,"featured_media":0,"parent":0,"menu_order":0,"comment_status":"closed","ping_status":"closed","template":"elementor_canvas","meta":{"footnotes":""},"class_list":["post-2615","page","type-page","status-publish","hentry"],"yoast_head":"<!-- This site is optimized with the Yoast SEO plugin v23.5 - https:\/\/yoast.com\/wordpress\/plugins\/seo\/ -->\r\n<title>T\u0131bbi Bilgiler - EmoCardio<\/title>\r\n<meta name=\"robots\" content=\"index, follow, max-snippet:-1, max-image-preview:large, max-video-preview:-1\" \/>\r\n<link rel=\"canonical\" href=\"https:\/\/emocardio.com\/?page_id=2615\" \/>\r\n<meta property=\"og:locale\" content=\"tr_TR\" \/>\r\n<meta property=\"og:type\" content=\"article\" \/>\r\n<meta property=\"og:title\" content=\"T\u0131bbi Bilgiler - EmoCardio\" \/>\r\n<meta property=\"og:description\" content=\"T\u0131bbi Bilgiler All Post T\u0131bbi Bilgiler Kalp hakk\u0131nda temel bilgiler Ocak 6, 2023\/ Kalp Hakk\u0131nda Temel Bilgiler Kalp kas\u0131, anne karn\u0131nda 4.haftadan itibaren \u00e7al\u0131\u015fmaya ba\u015flayan ve biz uyurken bile \u00e7al\u0131\u015ft\u0131\u011f\u0131 i\u00e7in v\u00fccudun en&hellip; Daha Fazla Bilgi Ara\u015ft\u0131rmac\u0131lar, klinik karar deste\u011fi kullan\u0131m\u0131n\u0131n \u00f6l\u00fcm oran\u0131nda azalmaya ve hasta sonu\u00e7lar\u0131n\u0131 iyile\u015ftirmeye yol a\u00e7t\u0131\u011f\u0131n\u0131 buldular Aral\u0131k 26, 2022\/ American Journal of Respiratory and Critical Care Medicine\u2019de yay\u0131nlanan \u00e7al\u0131\u015fma, klinik karar deste\u011finin gereksiz varyasyon ve sa\u011fl\u0131k hizmeti kalitesi \u00fczerindeki&hellip; Daha Fazla Bilgi\" \/>\r\n<meta property=\"og:url\" content=\"https:\/\/emocardio.com\/?page_id=2615\" \/>\r\n<meta property=\"og:site_name\" content=\"EmoCardio\" \/>\r\n<meta property=\"article:publisher\" content=\"https:\/\/www.facebook.com\/eModaYazilim\" \/>\r\n<meta property=\"article:modified_time\" content=\"2023-01-06T21:07:01+00:00\" \/>\r\n<meta property=\"og:image\" content=\"https:\/\/emocardio.com\/wp-content\/uploads\/2023\/01\/kalp-yeri.jpeg\" \/>\r\n<meta name=\"twitter:card\" content=\"summary_large_image\" \/>\r\n<meta name=\"twitter:site\" content=\"@eModaYazilim\" \/>\r\n<meta name=\"twitter:label1\" content=\"Tahmini okuma s\u00fcresi\" \/>\n\t<meta name=\"twitter:data1\" content=\"1 dakika\" \/>\r\n<script type=\"application\/ld+json\" class=\"yoast-schema-graph\">{\"@context\":\"https:\/\/schema.org\",\"@graph\":[{\"@type\":\"WebPage\",\"@id\":\"https:\/\/emocardio.com\/?page_id=2615\",\"url\":\"https:\/\/emocardio.com\/?page_id=2615\",\"name\":\"T\u0131bbi Bilgiler - EmoCardio\",\"isPartOf\":{\"@id\":\"https:\/\/emocardio.com\/#website\"},\"primaryImageOfPage\":{\"@id\":\"https:\/\/emocardio.com\/?page_id=2615#primaryimage\"},\"image\":{\"@id\":\"https:\/\/emocardio.com\/?page_id=2615#primaryimage\"},\"thumbnailUrl\":\"https:\/\/emocardio.com\/wp-content\/uploads\/2023\/01\/kalp-yeri.jpeg\",\"datePublished\":\"2022-12-26T14:38:31+00:00\",\"dateModified\":\"2023-01-06T21:07:01+00:00\",\"breadcrumb\":{\"@id\":\"https:\/\/emocardio.com\/?page_id=2615#breadcrumb\"},\"inLanguage\":\"tr\",\"potentialAction\":[{\"@type\":\"ReadAction\",\"target\":[\"https:\/\/emocardio.com\/?page_id=2615\"]}]},{\"@type\":\"ImageObject\",\"inLanguage\":\"tr\",\"@id\":\"https:\/\/emocardio.com\/?page_id=2615#primaryimage\",\"url\":\"https:\/\/emocardio.com\/wp-content\/uploads\/2023\/01\/kalp-yeri.jpeg\",\"contentUrl\":\"https:\/\/emocardio.com\/wp-content\/uploads\/2023\/01\/kalp-yeri.jpeg\",\"width\":391,\"height\":478},{\"@type\":\"BreadcrumbList\",\"@id\":\"https:\/\/emocardio.com\/?page_id=2615#breadcrumb\",\"itemListElement\":[{\"@type\":\"ListItem\",\"position\":1,\"name\":\"Anasayfa\",\"item\":\"https:\/\/emocardio.com\/\"},{\"@type\":\"ListItem\",\"position\":2,\"name\":\"T\u0131bbi Bilgiler\"}]},{\"@type\":\"WebSite\",\"@id\":\"https:\/\/emocardio.com\/#website\",\"url\":\"https:\/\/emocardio.com\/\",\"name\":\"EmoCardio\",\"description\":\"\",\"publisher\":{\"@id\":\"https:\/\/emocardio.com\/#organization\"},\"potentialAction\":[{\"@type\":\"SearchAction\",\"target\":{\"@type\":\"EntryPoint\",\"urlTemplate\":\"https:\/\/emocardio.com\/?s={search_term_string}\"},\"query-input\":{\"@type\":\"PropertyValueSpecification\",\"valueRequired\":true,\"valueName\":\"search_term_string\"}}],\"inLanguage\":\"tr\"},{\"@type\":\"Organization\",\"@id\":\"https:\/\/emocardio.com\/#organization\",\"name\":\"EmoCardio\",\"url\":\"https:\/\/emocardio.com\/\",\"logo\":{\"@type\":\"ImageObject\",\"inLanguage\":\"tr\",\"@id\":\"https:\/\/emocardio.com\/#\/schema\/logo\/image\/\",\"url\":\"https:\/\/emocardio.com\/wp-content\/uploads\/2022\/02\/EMODALOGOson.png\",\"contentUrl\":\"https:\/\/emocardio.com\/wp-content\/uploads\/2022\/02\/EMODALOGOson.png\",\"width\":1023,\"height\":267,\"caption\":\"EmoCardio\"},\"image\":{\"@id\":\"https:\/\/emocardio.com\/#\/schema\/logo\/image\/\"},\"sameAs\":[\"https:\/\/www.facebook.com\/eModaYazilim\",\"https:\/\/x.com\/eModaYazilim\",\"https:\/\/www.linkedin.com\/company\/emodasoftware\"]}]}<\/script>\r\n<!-- \/ Yoast SEO plugin. -->","yoast_head_json":{"title":"T\u0131bbi Bilgiler - EmoCardio","robots":{"index":"index","follow":"follow","max-snippet":"max-snippet:-1","max-image-preview":"max-image-preview:large","max-video-preview":"max-video-preview:-1"},"canonical":"https:\/\/emocardio.com\/?page_id=2615","og_locale":"tr_TR","og_type":"article","og_title":"T\u0131bbi Bilgiler - EmoCardio","og_description":"T\u0131bbi Bilgiler All Post T\u0131bbi Bilgiler Kalp hakk\u0131nda temel bilgiler Ocak 6, 2023\/ Kalp Hakk\u0131nda Temel Bilgiler Kalp kas\u0131, anne karn\u0131nda 4.haftadan itibaren \u00e7al\u0131\u015fmaya ba\u015flayan ve biz uyurken bile \u00e7al\u0131\u015ft\u0131\u011f\u0131 i\u00e7in v\u00fccudun en&hellip; Daha Fazla Bilgi Ara\u015ft\u0131rmac\u0131lar, klinik karar deste\u011fi kullan\u0131m\u0131n\u0131n \u00f6l\u00fcm oran\u0131nda azalmaya ve hasta sonu\u00e7lar\u0131n\u0131 iyile\u015ftirmeye yol a\u00e7t\u0131\u011f\u0131n\u0131 buldular Aral\u0131k 26, 2022\/ American Journal of Respiratory and Critical Care Medicine\u2019de yay\u0131nlanan \u00e7al\u0131\u015fma, klinik karar deste\u011finin gereksiz varyasyon ve sa\u011fl\u0131k hizmeti kalitesi \u00fczerindeki&hellip; Daha Fazla Bilgi","og_url":"https:\/\/emocardio.com\/?page_id=2615","og_site_name":"EmoCardio","article_publisher":"https:\/\/www.facebook.com\/eModaYazilim","article_modified_time":"2023-01-06T21:07:01+00:00","og_image":[{"url":"https:\/\/emocardio.com\/wp-content\/uploads\/2023\/01\/kalp-yeri.jpeg"}],"twitter_card":"summary_large_image","twitter_site":"@eModaYazilim","twitter_misc":{"Tahmini okuma s\u00fcresi":"1 dakika"},"schema":{"@context":"https:\/\/schema.org","@graph":[{"@type":"WebPage","@id":"https:\/\/emocardio.com\/?page_id=2615","url":"https:\/\/emocardio.com\/?page_id=2615","name":"T\u0131bbi Bilgiler - EmoCardio","isPartOf":{"@id":"https:\/\/emocardio.com\/#website"},"primaryImageOfPage":{"@id":"https:\/\/emocardio.com\/?page_id=2615#primaryimage"},"image":{"@id":"https:\/\/emocardio.com\/?page_id=2615#primaryimage"},"thumbnailUrl":"https:\/\/emocardio.com\/wp-content\/uploads\/2023\/01\/kalp-yeri.jpeg","datePublished":"2022-12-26T14:38:31+00:00","dateModified":"2023-01-06T21:07:01+00:00","breadcrumb":{"@id":"https:\/\/emocardio.com\/?page_id=2615#breadcrumb"},"inLanguage":"tr","potentialAction":[{"@type":"ReadAction","target":["https:\/\/emocardio.com\/?page_id=2615"]}]},{"@type":"ImageObject","inLanguage":"tr","@id":"https:\/\/emocardio.com\/?page_id=2615#primaryimage","url":"https:\/\/emocardio.com\/wp-content\/uploads\/2023\/01\/kalp-yeri.jpeg","contentUrl":"https:\/\/emocardio.com\/wp-content\/uploads\/2023\/01\/kalp-yeri.jpeg","width":391,"height":478},{"@type":"BreadcrumbList","@id":"https:\/\/emocardio.com\/?page_id=2615#breadcrumb","itemListElement":[{"@type":"ListItem","position":1,"name":"Anasayfa","item":"https:\/\/emocardio.com\/"},{"@type":"ListItem","position":2,"name":"T\u0131bbi Bilgiler"}]},{"@type":"WebSite","@id":"https:\/\/emocardio.com\/#website","url":"https:\/\/emocardio.com\/","name":"EmoCardio","description":"","publisher":{"@id":"https:\/\/emocardio.com\/#organization"},"potentialAction":[{"@type":"SearchAction","target":{"@type":"EntryPoint","urlTemplate":"https:\/\/emocardio.com\/?s={search_term_string}"},"query-input":{"@type":"PropertyValueSpecification","valueRequired":true,"valueName":"search_term_string"}}],"inLanguage":"tr"},{"@type":"Organization","@id":"https:\/\/emocardio.com\/#organization","name":"EmoCardio","url":"https:\/\/emocardio.com\/","logo":{"@type":"ImageObject","inLanguage":"tr","@id":"https:\/\/emocardio.com\/#\/schema\/logo\/image\/","url":"https:\/\/emocardio.com\/wp-content\/uploads\/2022\/02\/EMODALOGOson.png","contentUrl":"https:\/\/emocardio.com\/wp-content\/uploads\/2022\/02\/EMODALOGOson.png","width":1023,"height":267,"caption":"EmoCardio"},"image":{"@id":"https:\/\/emocardio.com\/#\/schema\/logo\/image\/"},"sameAs":["https:\/\/www.facebook.com\/eModaYazilim","https:\/\/x.com\/eModaYazilim","https:\/\/www.linkedin.com\/company\/emodasoftware"]}]}},"_links":{"self":[{"href":"https:\/\/emocardio.com\/index.php?rest_route=\/wp\/v2\/pages\/2615","targetHints":{"allow":["GET"]}}],"collection":[{"href":"https:\/\/emocardio.com\/index.php?rest_route=\/wp\/v2\/pages"}],"about":[{"href":"https:\/\/emocardio.com\/index.php?rest_route=\/wp\/v2\/types\/page"}],"author":[{"embeddable":true,"href":"https:\/\/emocardio.com\/index.php?rest_route=\/wp\/v2\/users\/1"}],"replies":[{"embeddable":true,"href":"https:\/\/emocardio.com\/index.php?rest_route=%2Fwp%2Fv2%2Fcomments&post=2615"}],"version-history":[{"count":17,"href":"https:\/\/emocardio.com\/index.php?rest_route=\/wp\/v2\/pages\/2615\/revisions"}],"predecessor-version":[{"id":2997,"href":"https:\/\/emocardio.com\/index.php?rest_route=\/wp\/v2\/pages\/2615\/revisions\/2997"}],"wp:attachment":[{"href":"https:\/\/emocardio.com\/index.php?rest_route=%2Fwp%2Fv2%2Fmedia&parent=2615"}],"curies":[{"name":"wp","href":"https:\/\/api.w.org\/{rel}","templated":true}]}}