{"id":2629,"date":"2022-12-26T14:51:59","date_gmt":"2022-12-26T14:51:59","guid":{"rendered":"https:\/\/emocardio.com\/?page_id=2629"},"modified":"2023-01-02T11:06:12","modified_gmt":"2023-01-02T11:06:12","slug":"bizden-haberler","status":"publish","type":"page","link":"https:\/\/emocardio.com\/?page_id=2629","title":{"rendered":"Bizden Haberler"},"content":{"rendered":"\t\t<div data-elementor-type=\"wp-page\" data-elementor-id=\"2629\" class=\"elementor elementor-2629\">\n\t\t\t\t\t\t<section class=\"elementor-section elementor-top-section elementor-element elementor-element-2f84f5d elementor-section-height-min-height elementor-section-boxed elementor-section-height-default elementor-section-items-middle wpr-particle-no wpr-jarallax-no wpr-parallax-no wpr-sticky-section-no\" data-id=\"2f84f5d\" data-element_type=\"section\" data-settings=\"{&quot;background_background&quot;:&quot;classic&quot;}\">\n\t\t\t\t\t\t\t<div class=\"elementor-background-overlay\"><\/div>\n\t\t\t\t\t\t\t<div class=\"elementor-container elementor-column-gap-default\">\n\t\t\t\t\t<div class=\"elementor-column elementor-col-100 elementor-top-column elementor-element elementor-element-dd83274\" data-id=\"dd83274\" data-element_type=\"column\">\n\t\t\t<div class=\"elementor-widget-wrap elementor-element-populated\">\n\t\t\t\t\t\t<div class=\"elementor-element elementor-element-a1105c6 elementor-widget elementor-widget-heading\" data-id=\"a1105c6\" data-element_type=\"widget\" data-widget_type=\"heading.default\">\n\t\t\t\t<div class=\"elementor-widget-container\">\n\t\t\t<h2 class=\"elementor-heading-title elementor-size-default\">Bizden Haberler<\/h2>\t\t<\/div>\n\t\t\t\t<\/div>\n\t\t\t\t\t<\/div>\n\t\t<\/div>\n\t\t\t\t\t<\/div>\n\t\t<\/section>\n\t\t\t\t<section class=\"elementor-section elementor-top-section elementor-element elementor-element-be99b6b elementor-section-boxed elementor-section-height-default elementor-section-height-default wpr-particle-no wpr-jarallax-no wpr-parallax-no wpr-sticky-section-no\" data-id=\"be99b6b\" data-element_type=\"section\">\n\t\t\t\t\t\t<div class=\"elementor-container elementor-column-gap-default\">\n\t\t\t\t\t<div class=\"elementor-column elementor-col-100 elementor-top-column elementor-element elementor-element-9605928\" data-id=\"9605928\" data-element_type=\"column\">\n\t\t\t<div class=\"elementor-widget-wrap elementor-element-populated\">\n\t\t\t\t\t\t<div class=\"elementor-element elementor-element-7d5cbff wpr-grid-columns-3 wpr-grid-columns--tablet2 wpr-grid-columns--mobile1 wpr-grid-pagination-center wpr-item-styles-inner elementor-widget elementor-widget-wpr-grid\" data-id=\"7d5cbff\" data-element_type=\"widget\" data-widget_type=\"wpr-grid.default\">\n\t\t\t\t<div class=\"elementor-widget-container\">\n\t\t\t<ul class=\"wpr-grid-filters elementor-clearfix wpr-grid-filters-sep-right\"><li class=\" wpr-pointer-none wpr-pointer-line-fx wpr-pointer-fx-none\"><span data-filter=\"*\" class=\"wpr-active-filter \">All Post<\/span><em class=\"wpr-grid-filters-sep\"><\/em><\/li><li class=\" wpr-pointer-none wpr-pointer-line-fx wpr-pointer-fx-none\"><span  data-filter=\".category-bizden-haberler-tr\">Bizden Haberler<\/span><em class=\"wpr-grid-filters-sep\"><\/em><\/li><\/ul><section class=\"wpr-grid elementor-clearfix\" data-settings=\"{&quot;layout&quot;:&quot;fitRows&quot;,&quot;stick_last_element_to_bottom&quot;:&quot;&quot;,&quot;columns_desktop&quot;:3,&quot;gutter_hr&quot;:15,&quot;gutter_hr_mobile&quot;:15,&quot;gutter_hr_mobile_extra&quot;:15,&quot;gutter_hr_tablet&quot;:15,&quot;gutter_hr_tablet_extra&quot;:15,&quot;gutter_hr_laptop&quot;:15,&quot;gutter_hr_widescreen&quot;:15,&quot;gutter_vr&quot;:15,&quot;gutter_vr_mobile&quot;:15,&quot;gutter_vr_mobile_extra&quot;:15,&quot;gutter_vr_tablet&quot;:15,&quot;gutter_vr_tablet_extra&quot;:15,&quot;gutter_vr_laptop&quot;:15,&quot;gutter_vr_widescreen&quot;:15,&quot;animation&quot;:&quot;default&quot;,&quot;animation_duration&quot;:0.3,&quot;animation_delay&quot;:0.1,&quot;deeplinking&quot;:&quot;&quot;,&quot;filters_linkable&quot;:&quot;no&quot;,&quot;filters_default_filter&quot;:&quot;&quot;,&quot;filters_count&quot;:&quot;&quot;,&quot;filters_hide_empty&quot;:&quot;no&quot;,&quot;filters_animation&quot;:&quot;default&quot;,&quot;filters_animation_duration&quot;:0.3,&quot;filters_animation_delay&quot;:0.1,&quot;pagination_type&quot;:&quot;load-more&quot;,&quot;pagination_max_pages&quot;:1,&quot;lightbox&quot;:{&quot;selector&quot;:&quot;.wpr-grid-image-wrap&quot;,&quot;iframeMaxWidth&quot;:&quot;60%&quot;,&quot;hash&quot;:false,&quot;autoplay&quot;:&quot;true&quot;,&quot;pause&quot;:5000,&quot;progressBar&quot;:&quot;true&quot;,&quot;counter&quot;:&quot;true&quot;,&quot;controls&quot;:&quot;true&quot;,&quot;getCaptionFromTitleOrAlt&quot;:&quot;true&quot;,&quot;thumbnail&quot;:&quot;&quot;,&quot;showThumbByDefault&quot;:&quot;&quot;,&quot;share&quot;:&quot;&quot;,&quot;zoom&quot;:&quot;true&quot;,&quot;fullScreen&quot;:&quot;true&quot;,&quot;download&quot;:&quot;true&quot;}}\"><article class=\"wpr-grid-item elementor-clearfix post-2549 post type-post status-publish format-standard has-post-thumbnail hentry category-bizden-haberler-tr\"><div class=\"wpr-grid-item-inner\"><div class=\"wpr-grid-media-wrap wpr-effect-size-medium \" data-overlay-link=\"yes\"><div class=\"wpr-grid-image-wrap\" data-src=\"https:\/\/emocardio.com\/wp-content\/uploads\/2023\/01\/ekg.jpeg\" data-img-on-hover=\"\"  data-src-secondary=\"\"><img decoding=\"async\" data-no-lazy=\"1\" src=\"https:\/\/emocardio.com\/wp-content\/uploads\/2023\/01\/ekg.jpeg\" alt=\"Yeti\u015fkinlerde ak\u0131ll\u0131 telefon tabanl\u0131 bir EKG kullanman\u0131n kliniklerdeki tipik bak\u0131mdan \u00e7ok daha fazla AF oldu\u011fu bildirildi!\" class=\"wpr-anim-timing-ease-default\"><\/div><div class=\"wpr-grid-media-hover wpr-animation-wrap\"><div class=\"wpr-grid-media-hover-bg  wpr-overlay-fade-in wpr-anim-size-large wpr-anim-timing-ease-default wpr-anim-transparency\" data-url=\"https:\/\/emocardio.com\/?p=2549\"><\/div><\/div><\/div><div class=\"wpr-grid-item-below-content elementor-clearfix\"><h2 class=\"wpr-grid-item-title elementor-repeater-item-8dce3fc wpr-grid-item-display-block wpr-grid-item-align-left wpr-pointer-none wpr-pointer-line-fx wpr-pointer-fx-fade\"><div class=\"inner-block\"><a target=\"_self\"  href=\"https:\/\/emocardio.com\/?p=2549\">Yeti\u015fkinlerde ak\u0131ll\u0131 telefon tabanl\u0131 bir EKG kullanman\u0131n kliniklerdeki tipik bak\u0131mdan \u00e7ok daha fazla AF oldu\u011fu bildirildi!<\/a><\/div><\/h2><div class=\"wpr-grid-item-date elementor-repeater-item-ea51f03 wpr-grid-item-display-inline wpr-grid-item-align-left\"><div class=\"inner-block\"><span>Aral\u0131k 26, 2022<span class=\"wpr-grid-extra-text-right\">\/<\/span><\/span><\/div><\/div><div class=\"wpr-grid-item-excerpt elementor-repeater-item-5b1b854 wpr-grid-item-display-block wpr-grid-item-align-left\"><div class=\"inner-block\"><p>Oklahoma City\u2019deki Oklahoma \u00dcniversitesi T\u0131p Fak\u00fcltesi\u2019nde t\u0131p do\u00e7enti olan Stavros Stavrakis liderli\u011findeki Oklahoma \u00dcniversitesi Sa\u011fl\u0131k Bilimleri Merkezi Kalp Ritmi Enstit\u00fcs\u00fc\u2019nden&hellip;<\/p><\/div><\/div><div class=\"wpr-grid-item-read-more elementor-repeater-item-8c1c3d8 wpr-grid-item-display-block wpr-grid-item-align-left\"><div class=\"inner-block\"><a target=\"_self\" href=\"https:\/\/emocardio.com\/?p=2549\" class=\"wpr-button-effect wpr-button-none\"><span>Read More<\/span><\/a><\/div><\/div><\/div><\/div><\/article><\/section>\t\t<\/div>\n\t\t\t\t<\/div>\n\t\t\t\t\t<\/div>\n\t\t<\/div>\n\t\t\t\t\t<\/div>\n\t\t<\/section>\n\t\t\t\t<\/div>\n\t\t","protected":false},"excerpt":{"rendered":"<p>Bizden Haberler All Post Bizden Haberler Yeti\u015fkinlerde ak\u0131ll\u0131 telefon tabanl\u0131 bir EKG kullanman\u0131n kliniklerdeki tipik bak\u0131mdan \u00e7ok daha fazla AF oldu\u011fu bildirildi! Aral\u0131k 26, 2022\/No Comments Oklahoma City\u2019deki Oklahoma \u00dcniversitesi T\u0131p Fak\u00fcltesi\u2019nde t\u0131p do\u00e7enti olan Stavros Stavrakis liderli\u011findeki Oklahoma \u00dcniversitesi Sa\u011fl\u0131k Bilimleri Merkezi Kalp Ritmi Enstit\u00fcs\u00fc\u2019nden&hellip; Read More<\/p>\n","protected":false},"author":1,"featured_media":0,"parent":0,"menu_order":0,"comment_status":"closed","ping_status":"closed","template":"elementor_canvas","meta":{"footnotes":""},"class_list":["post-2629","page","type-page","status-publish","hentry"],"yoast_head":"<!-- This site is optimized with the Yoast SEO plugin v23.5 - https:\/\/yoast.com\/wordpress\/plugins\/seo\/ -->\r\n<title>Bizden Haberler - EmoCardio<\/title>\r\n<meta name=\"robots\" content=\"index, follow, max-snippet:-1, max-image-preview:large, max-video-preview:-1\" \/>\r\n<link rel=\"canonical\" href=\"https:\/\/emocardio.com\/?page_id=2629\" \/>\r\n<meta property=\"og:locale\" content=\"tr_TR\" \/>\r\n<meta property=\"og:type\" content=\"article\" \/>\r\n<meta property=\"og:title\" content=\"Bizden Haberler - EmoCardio\" \/>\r\n<meta property=\"og:description\" content=\"Bizden Haberler All Post Bizden Haberler Yeti\u015fkinlerde ak\u0131ll\u0131 telefon tabanl\u0131 bir EKG kullanman\u0131n kliniklerdeki tipik bak\u0131mdan \u00e7ok daha fazla AF oldu\u011fu bildirildi! Aral\u0131k 26, 2022\/No Comments Oklahoma City\u2019deki Oklahoma \u00dcniversitesi T\u0131p Fak\u00fcltesi\u2019nde t\u0131p do\u00e7enti olan Stavros Stavrakis liderli\u011findeki Oklahoma \u00dcniversitesi Sa\u011fl\u0131k Bilimleri Merkezi Kalp Ritmi Enstit\u00fcs\u00fc\u2019nden&hellip; Read More\" \/>\r\n<meta property=\"og:url\" content=\"https:\/\/emocardio.com\/?page_id=2629\" \/>\r\n<meta property=\"og:site_name\" content=\"EmoCardio\" \/>\r\n<meta property=\"article:publisher\" content=\"https:\/\/www.facebook.com\/eModaYazilim\" \/>\r\n<meta property=\"article:modified_time\" content=\"2023-01-02T11:06:12+00:00\" \/>\r\n<meta name=\"twitter:card\" content=\"summary_large_image\" \/>\r\n<meta name=\"twitter:site\" content=\"@eModaYazilim\" \/>\r\n<meta name=\"twitter:label1\" content=\"Tahmini okuma s\u00fcresi\" \/>\n\t<meta name=\"twitter:data1\" content=\"1 dakika\" \/>\r\n<script type=\"application\/ld+json\" class=\"yoast-schema-graph\">{\"@context\":\"https:\/\/schema.org\",\"@graph\":[{\"@type\":\"WebPage\",\"@id\":\"https:\/\/emocardio.com\/?page_id=2629\",\"url\":\"https:\/\/emocardio.com\/?page_id=2629\",\"name\":\"Bizden Haberler - EmoCardio\",\"isPartOf\":{\"@id\":\"https:\/\/emocardio.com\/#website\"},\"datePublished\":\"2022-12-26T14:51:59+00:00\",\"dateModified\":\"2023-01-02T11:06:12+00:00\",\"breadcrumb\":{\"@id\":\"https:\/\/emocardio.com\/?page_id=2629#breadcrumb\"},\"inLanguage\":\"tr\",\"potentialAction\":[{\"@type\":\"ReadAction\",\"target\":[\"https:\/\/emocardio.com\/?page_id=2629\"]}]},{\"@type\":\"BreadcrumbList\",\"@id\":\"https:\/\/emocardio.com\/?page_id=2629#breadcrumb\",\"itemListElement\":[{\"@type\":\"ListItem\",\"position\":1,\"name\":\"Anasayfa\",\"item\":\"https:\/\/emocardio.com\/\"},{\"@type\":\"ListItem\",\"position\":2,\"name\":\"Bizden Haberler\"}]},{\"@type\":\"WebSite\",\"@id\":\"https:\/\/emocardio.com\/#website\",\"url\":\"https:\/\/emocardio.com\/\",\"name\":\"EmoCardio\",\"description\":\"\",\"publisher\":{\"@id\":\"https:\/\/emocardio.com\/#organization\"},\"potentialAction\":[{\"@type\":\"SearchAction\",\"target\":{\"@type\":\"EntryPoint\",\"urlTemplate\":\"https:\/\/emocardio.com\/?s={search_term_string}\"},\"query-input\":{\"@type\":\"PropertyValueSpecification\",\"valueRequired\":true,\"valueName\":\"search_term_string\"}}],\"inLanguage\":\"tr\"},{\"@type\":\"Organization\",\"@id\":\"https:\/\/emocardio.com\/#organization\",\"name\":\"EmoCardio\",\"url\":\"https:\/\/emocardio.com\/\",\"logo\":{\"@type\":\"ImageObject\",\"inLanguage\":\"tr\",\"@id\":\"https:\/\/emocardio.com\/#\/schema\/logo\/image\/\",\"url\":\"https:\/\/emocardio.com\/wp-content\/uploads\/2022\/02\/EMODALOGOson.png\",\"contentUrl\":\"https:\/\/emocardio.com\/wp-content\/uploads\/2022\/02\/EMODALOGOson.png\",\"width\":1023,\"height\":267,\"caption\":\"EmoCardio\"},\"image\":{\"@id\":\"https:\/\/emocardio.com\/#\/schema\/logo\/image\/\"},\"sameAs\":[\"https:\/\/www.facebook.com\/eModaYazilim\",\"https:\/\/x.com\/eModaYazilim\",\"https:\/\/www.linkedin.com\/company\/emodasoftware\"]}]}<\/script>\r\n<!-- \/ Yoast SEO plugin. -->","yoast_head_json":{"title":"Bizden Haberler - EmoCardio","robots":{"index":"index","follow":"follow","max-snippet":"max-snippet:-1","max-image-preview":"max-image-preview:large","max-video-preview":"max-video-preview:-1"},"canonical":"https:\/\/emocardio.com\/?page_id=2629","og_locale":"tr_TR","og_type":"article","og_title":"Bizden Haberler - EmoCardio","og_description":"Bizden Haberler All Post Bizden Haberler Yeti\u015fkinlerde ak\u0131ll\u0131 telefon tabanl\u0131 bir EKG kullanman\u0131n kliniklerdeki tipik bak\u0131mdan \u00e7ok daha fazla AF oldu\u011fu bildirildi! Aral\u0131k 26, 2022\/No Comments Oklahoma City\u2019deki Oklahoma \u00dcniversitesi T\u0131p Fak\u00fcltesi\u2019nde t\u0131p do\u00e7enti olan Stavros Stavrakis liderli\u011findeki Oklahoma \u00dcniversitesi Sa\u011fl\u0131k Bilimleri Merkezi Kalp Ritmi Enstit\u00fcs\u00fc\u2019nden&hellip; Read More","og_url":"https:\/\/emocardio.com\/?page_id=2629","og_site_name":"EmoCardio","article_publisher":"https:\/\/www.facebook.com\/eModaYazilim","article_modified_time":"2023-01-02T11:06:12+00:00","twitter_card":"summary_large_image","twitter_site":"@eModaYazilim","twitter_misc":{"Tahmini okuma s\u00fcresi":"1 dakika"},"schema":{"@context":"https:\/\/schema.org","@graph":[{"@type":"WebPage","@id":"https:\/\/emocardio.com\/?page_id=2629","url":"https:\/\/emocardio.com\/?page_id=2629","name":"Bizden Haberler - EmoCardio","isPartOf":{"@id":"https:\/\/emocardio.com\/#website"},"datePublished":"2022-12-26T14:51:59+00:00","dateModified":"2023-01-02T11:06:12+00:00","breadcrumb":{"@id":"https:\/\/emocardio.com\/?page_id=2629#breadcrumb"},"inLanguage":"tr","potentialAction":[{"@type":"ReadAction","target":["https:\/\/emocardio.com\/?page_id=2629"]}]},{"@type":"BreadcrumbList","@id":"https:\/\/emocardio.com\/?page_id=2629#breadcrumb","itemListElement":[{"@type":"ListItem","position":1,"name":"Anasayfa","item":"https:\/\/emocardio.com\/"},{"@type":"ListItem","position":2,"name":"Bizden Haberler"}]},{"@type":"WebSite","@id":"https:\/\/emocardio.com\/#website","url":"https:\/\/emocardio.com\/","name":"EmoCardio","description":"","publisher":{"@id":"https:\/\/emocardio.com\/#organization"},"potentialAction":[{"@type":"SearchAction","target":{"@type":"EntryPoint","urlTemplate":"https:\/\/emocardio.com\/?s={search_term_string}"},"query-input":{"@type":"PropertyValueSpecification","valueRequired":true,"valueName":"search_term_string"}}],"inLanguage":"tr"},{"@type":"Organization","@id":"https:\/\/emocardio.com\/#organization","name":"EmoCardio","url":"https:\/\/emocardio.com\/","logo":{"@type":"ImageObject","inLanguage":"tr","@id":"https:\/\/emocardio.com\/#\/schema\/logo\/image\/","url":"https:\/\/emocardio.com\/wp-content\/uploads\/2022\/02\/EMODALOGOson.png","contentUrl":"https:\/\/emocardio.com\/wp-content\/uploads\/2022\/02\/EMODALOGOson.png","width":1023,"height":267,"caption":"EmoCardio"},"image":{"@id":"https:\/\/emocardio.com\/#\/schema\/logo\/image\/"},"sameAs":["https:\/\/www.facebook.com\/eModaYazilim","https:\/\/x.com\/eModaYazilim","https:\/\/www.linkedin.com\/company\/emodasoftware"]}]}},"_links":{"self":[{"href":"https:\/\/emocardio.com\/index.php?rest_route=\/wp\/v2\/pages\/2629","targetHints":{"allow":["GET"]}}],"collection":[{"href":"https:\/\/emocardio.com\/index.php?rest_route=\/wp\/v2\/pages"}],"about":[{"href":"https:\/\/emocardio.com\/index.php?rest_route=\/wp\/v2\/types\/page"}],"author":[{"embeddable":true,"href":"https:\/\/emocardio.com\/index.php?rest_route=\/wp\/v2\/users\/1"}],"replies":[{"embeddable":true,"href":"https:\/\/emocardio.com\/index.php?rest_route=%2Fwp%2Fv2%2Fcomments&post=2629"}],"version-history":[{"count":10,"href":"https:\/\/emocardio.com\/index.php?rest_route=\/wp\/v2\/pages\/2629\/revisions"}],"predecessor-version":[{"id":2737,"href":"https:\/\/emocardio.com\/index.php?rest_route=\/wp\/v2\/pages\/2629\/revisions\/2737"}],"wp:attachment":[{"href":"https:\/\/emocardio.com\/index.php?rest_route=%2Fwp%2Fv2%2Fmedia&parent=2629"}],"curies":[{"name":"wp","href":"https:\/\/api.w.org\/{rel}","templated":true}]}}