{"id":59,"date":"2022-02-11T12:29:54","date_gmt":"2022-02-11T12:29:54","guid":{"rendered":"https:\/\/demosites.royal-elementor-addons.com\/digitalagency-v2\/?page_id=59"},"modified":"2023-01-06T12:11:38","modified_gmt":"2023-01-06T12:11:38","slug":"iletisim","status":"publish","type":"page","link":"https:\/\/emocardio.com\/?page_id=59","title":{"rendered":"\u0130leti\u015fim"},"content":{"rendered":"\t\t<div data-elementor-type=\"wp-page\" data-elementor-id=\"59\" class=\"elementor elementor-59\">\n\t\t\t\t\t\t<section class=\"elementor-section elementor-top-section elementor-element elementor-element-a4c24a9 elementor-section-height-min-height elementor-section-boxed elementor-section-height-default elementor-section-items-middle wpr-particle-no wpr-jarallax-no wpr-parallax-no wpr-sticky-section-no\" data-id=\"a4c24a9\" data-element_type=\"section\" data-settings=\"{&quot;background_background&quot;:&quot;classic&quot;}\">\n\t\t\t\t\t\t\t<div class=\"elementor-background-overlay\"><\/div>\n\t\t\t\t\t\t\t<div class=\"elementor-container elementor-column-gap-default\">\n\t\t\t\t\t<div class=\"elementor-column elementor-col-100 elementor-top-column elementor-element elementor-element-b10bf86\" data-id=\"b10bf86\" data-element_type=\"column\">\n\t\t\t<div class=\"elementor-widget-wrap elementor-element-populated\">\n\t\t\t\t\t\t<div class=\"elementor-element elementor-element-2fc9f47 elementor-widget elementor-widget-heading\" data-id=\"2fc9f47\" data-element_type=\"widget\" data-widget_type=\"heading.default\">\n\t\t\t\t<div class=\"elementor-widget-container\">\n\t\t\t<h2 class=\"elementor-heading-title elementor-size-default\">\u0130leti\u015fim<\/h2>\t\t<\/div>\n\t\t\t\t<\/div>\n\t\t\t\t\t<\/div>\n\t\t<\/div>\n\t\t\t\t\t<\/div>\n\t\t<\/section>\n\t\t\t\t<section class=\"elementor-section elementor-top-section elementor-element elementor-element-b6d7dff elementor-section-boxed elementor-section-height-default elementor-section-height-default wpr-particle-no wpr-jarallax-no wpr-parallax-no wpr-sticky-section-no\" data-id=\"b6d7dff\" data-element_type=\"section\">\n\t\t\t\t\t\t<div class=\"elementor-container elementor-column-gap-default\">\n\t\t\t\t\t<div class=\"elementor-column elementor-col-100 elementor-top-column elementor-element elementor-element-ca17850\" data-id=\"ca17850\" data-element_type=\"column\">\n\t\t\t<div class=\"elementor-widget-wrap elementor-element-populated\">\n\t\t\t\t\t\t<div class=\"elementor-element elementor-element-4756efb elementor-widget elementor-widget-heading\" data-id=\"4756efb\" data-element_type=\"widget\" data-widget_type=\"heading.default\">\n\t\t\t\t<div class=\"elementor-widget-container\">\n\t\t\t<h2 class=\"elementor-heading-title elementor-size-default\">Bize Ula\u015f\u0131n<\/h2>\t\t<\/div>\n\t\t\t\t<\/div>\n\t\t\t\t<section class=\"elementor-section elementor-inner-section elementor-element elementor-element-6fe120f elementor-section-boxed elementor-section-height-default elementor-section-height-default wpr-particle-no wpr-jarallax-no wpr-parallax-no wpr-sticky-section-no\" data-id=\"6fe120f\" data-element_type=\"section\">\n\t\t\t\t\t\t<div class=\"elementor-container elementor-column-gap-default\">\n\t\t\t\t\t<div class=\"elementor-column elementor-col-33 elementor-inner-column elementor-element elementor-element-9b124be\" data-id=\"9b124be\" data-element_type=\"column\">\n\t\t\t<div class=\"elementor-widget-wrap elementor-element-populated\">\n\t\t\t\t\t\t<div class=\"elementor-element elementor-element-f54096c elementor-view-default elementor-position-top elementor-mobile-position-top elementor-widget elementor-widget-icon-box\" data-id=\"f54096c\" data-element_type=\"widget\" data-widget_type=\"icon-box.default\">\n\t\t\t\t<div class=\"elementor-widget-container\">\n\t\t\t\t\t<div class=\"elementor-icon-box-wrapper\">\n\n\t\t\t\t\t\t<div class=\"elementor-icon-box-icon\">\n\t\t\t\t<span  class=\"elementor-icon elementor-animation-\">\n\t\t\t\t<i aria-hidden=\"true\" class=\"fas fa-phone-alt\"><\/i>\t\t\t\t<\/span>\n\t\t\t<\/div>\n\t\t\t\n\t\t\t\t\t\t<div class=\"elementor-icon-box-content\">\n\n\t\t\t\t\t\t\t\t\t<h3 class=\"elementor-icon-box-title\">\n\t\t\t\t\t\t<span  >\n\t\t\t\t\t\t\tTelefon\t\t\t\t\t\t<\/span>\n\t\t\t\t\t<\/h3>\n\t\t\t\t\n\t\t\t\t\t\t\t\t\t<p class=\"elementor-icon-box-description\">\n\t\t\t\t\t\t0 232 5024787<br><br>0 850 211 09 35<br>\n\n\n\t\t\t\t\t<\/p>\n\t\t\t\t\n\t\t\t<\/div>\n\t\t\t\n\t\t<\/div>\n\t\t\t\t<\/div>\n\t\t\t\t<\/div>\n\t\t\t\t\t<\/div>\n\t\t<\/div>\n\t\t\t\t<div class=\"elementor-column elementor-col-33 elementor-inner-column elementor-element elementor-element-cbd1f0b\" data-id=\"cbd1f0b\" data-element_type=\"column\">\n\t\t\t<div class=\"elementor-widget-wrap elementor-element-populated\">\n\t\t\t\t\t\t<div class=\"elementor-element elementor-element-f4d9d91 elementor-view-default elementor-position-top elementor-mobile-position-top elementor-widget elementor-widget-icon-box\" data-id=\"f4d9d91\" data-element_type=\"widget\" data-widget_type=\"icon-box.default\">\n\t\t\t\t<div class=\"elementor-widget-container\">\n\t\t\t\t\t<div class=\"elementor-icon-box-wrapper\">\n\n\t\t\t\t\t\t<div class=\"elementor-icon-box-icon\">\n\t\t\t\t<span  class=\"elementor-icon elementor-animation-\">\n\t\t\t\t<i aria-hidden=\"true\" class=\"fas fa-map-marker-alt\"><\/i>\t\t\t\t<\/span>\n\t\t\t<\/div>\n\t\t\t\n\t\t\t\t\t\t<div class=\"elementor-icon-box-content\">\n\n\t\t\t\t\t\t\t\t\t<h3 class=\"elementor-icon-box-title\">\n\t\t\t\t\t\t<span  >\n\t\t\t\t\t\t\tOfis Adres\t\t\t\t\t\t<\/span>\n\t\t\t\t\t<\/h3>\n\t\t\t\t\n\t\t\t\t\t\t\t\t\t<p class=\"elementor-icon-box-description\">\n\t\t\t\t\t\t\u0130zmir Teknoloji Geli\u015ftirme B\u00f6lgesi \u0130YTE Kamp\u00fcs\u00fc, 35430 A4 Binas\u0131 Daire:15 Urla, \u0130zmir<br><br>\n\n\u015eehitler Bulvar\u0131 No: 76 Daire:1 Kar\u015f\u0131yaka,\u0130zmir\t\t\t\t\t<\/p>\n\t\t\t\t\n\t\t\t<\/div>\n\t\t\t\n\t\t<\/div>\n\t\t\t\t<\/div>\n\t\t\t\t<\/div>\n\t\t\t\t\t<\/div>\n\t\t<\/div>\n\t\t\t\t<div class=\"elementor-column elementor-col-33 elementor-inner-column elementor-element elementor-element-4fc1474\" data-id=\"4fc1474\" data-element_type=\"column\">\n\t\t\t<div class=\"elementor-widget-wrap elementor-element-populated\">\n\t\t\t\t\t\t<div class=\"elementor-element elementor-element-ec18dd0 elementor-view-default elementor-position-top elementor-mobile-position-top elementor-widget elementor-widget-icon-box\" data-id=\"ec18dd0\" data-element_type=\"widget\" data-widget_type=\"icon-box.default\">\n\t\t\t\t<div class=\"elementor-widget-container\">\n\t\t\t\t\t<div class=\"elementor-icon-box-wrapper\">\n\n\t\t\t\t\t\t<div class=\"elementor-icon-box-icon\">\n\t\t\t\t<span  class=\"elementor-icon elementor-animation-\">\n\t\t\t\t<i aria-hidden=\"true\" class=\"fas fa-envelope\"><\/i>\t\t\t\t<\/span>\n\t\t\t<\/div>\n\t\t\t\n\t\t\t\t\t\t<div class=\"elementor-icon-box-content\">\n\n\t\t\t\t\t\t\t\t\t<h3 class=\"elementor-icon-box-title\">\n\t\t\t\t\t\t<span  >\n\t\t\t\t\t\t\tEmail\t\t\t\t\t\t<\/span>\n\t\t\t\t\t<\/h3>\n\t\t\t\t\n\t\t\t\t\t\t\t\t\t<p class=\"elementor-icon-box-description\">\n\t\t\t\t\t\tinfo@emodayazilim.com<br>\n\t\t\t\t\t<\/p>\n\t\t\t\t\n\t\t\t<\/div>\n\t\t\t\n\t\t<\/div>\n\t\t\t\t<\/div>\n\t\t\t\t<\/div>\n\t\t\t\t\t<\/div>\n\t\t<\/div>\n\t\t\t\t\t<\/div>\n\t\t<\/section>\n\t\t\t\t\t<\/div>\n\t\t<\/div>\n\t\t\t\t\t<\/div>\n\t\t<\/section>\n\t\t\t\t<section class=\"elementor-section elementor-top-section elementor-element elementor-element-f707389 elementor-section-boxed elementor-section-height-default elementor-section-height-default wpr-particle-no wpr-jarallax-no wpr-parallax-no wpr-sticky-section-no\" data-id=\"f707389\" data-element_type=\"section\">\n\t\t\t\t\t\t<div class=\"elementor-container elementor-column-gap-default\">\n\t\t\t\t\t<div class=\"elementor-column elementor-col-50 elementor-top-column elementor-element elementor-element-8674550\" data-id=\"8674550\" data-element_type=\"column\">\n\t\t\t<div class=\"elementor-widget-wrap elementor-element-populated\">\n\t\t\t\t\t\t<div class=\"elementor-element elementor-element-ab831cf elementor-widget elementor-widget-google_maps\" data-id=\"ab831cf\" data-element_type=\"widget\" data-widget_type=\"google_maps.default\">\n\t\t\t\t<div class=\"elementor-widget-container\">\n\t\t\t\t\t<div class=\"elementor-custom-embed\">\n\t\t\t<iframe loading=\"lazy\"\n\t\t\t\t\tsrc=\"https:\/\/maps.google.com\/maps?q=Bostanl%C4%B1%2C%20%C5%9Eehitler%20Bulvar%C4%B1%20no%2076%2C%20Kar%C5%9F%C4%B1yaka%2F%C4%B0zmir&#038;t=m&#038;z=10&#038;output=embed&#038;iwloc=near\"\n\t\t\t\t\ttitle=\"Bostanl\u0131, \u015eehitler Bulvar\u0131 no 76, Kar\u015f\u0131yaka\/\u0130zmir\"\n\t\t\t\t\taria-label=\"Bostanl\u0131, \u015eehitler Bulvar\u0131 no 76, Kar\u015f\u0131yaka\/\u0130zmir\"\n\t\t\t><\/iframe>\n\t\t<\/div>\n\t\t\t\t<\/div>\n\t\t\t\t<\/div>\n\t\t\t\t\t<\/div>\n\t\t<\/div>\n\t\t\t\t<div class=\"elementor-column elementor-col-50 elementor-top-column elementor-element elementor-element-6109f5b\" data-id=\"6109f5b\" data-element_type=\"column\">\n\t\t\t<div class=\"elementor-widget-wrap elementor-element-populated\">\n\t\t\t\t\t\t<div class=\"elementor-element elementor-element-ffa7e07 elementor-widget elementor-widget-google_maps\" data-id=\"ffa7e07\" data-element_type=\"widget\" data-widget_type=\"google_maps.default\">\n\t\t\t\t<div class=\"elementor-widget-container\">\n\t\t\t\t\t<div class=\"elementor-custom-embed\">\n\t\t\t<iframe loading=\"lazy\"\n\t\t\t\t\tsrc=\"https:\/\/maps.google.com\/maps?q=emoda%20&#038;t=m&#038;z=10&#038;output=embed&#038;iwloc=near\"\n\t\t\t\t\ttitle=\"emoda \"\n\t\t\t\t\taria-label=\"emoda \"\n\t\t\t><\/iframe>\n\t\t<\/div>\n\t\t\t\t<\/div>\n\t\t\t\t<\/div>\n\t\t\t\t\t<\/div>\n\t\t<\/div>\n\t\t\t\t\t<\/div>\n\t\t<\/section>\n\t\t\t\t<\/div>\n\t\t","protected":false},"excerpt":{"rendered":"<p>\u0130leti\u015fim Bize Ula\u015f\u0131n Telefon 0 232 5024787 0 850 211 09 35 Ofis Adres \u0130zmir Teknoloji Geli\u015ftirme B\u00f6lgesi \u0130YTE Kamp\u00fcs\u00fc, 35430 A4 Binas\u0131 Daire:15 Urla, \u0130zmir \u015eehitler Bulvar\u0131 No: 76 Daire:1 Kar\u015f\u0131yaka,\u0130zmir Email info@emodayazilim.com<\/p>\n","protected":false},"author":1,"featured_media":0,"parent":0,"menu_order":0,"comment_status":"closed","ping_status":"closed","template":"elementor_canvas","meta":{"footnotes":""},"class_list":["post-59","page","type-page","status-publish","hentry"],"yoast_head":"<!-- This site is optimized with the Yoast SEO plugin v23.5 - https:\/\/yoast.com\/wordpress\/plugins\/seo\/ -->\r\n<title>\u0130leti\u015fim - EmoCardio<\/title>\r\n<meta name=\"robots\" content=\"index, follow, max-snippet:-1, max-image-preview:large, max-video-preview:-1\" \/>\r\n<link rel=\"canonical\" href=\"https:\/\/emocardio.com\/?page_id=59\" \/>\r\n<meta property=\"og:locale\" content=\"tr_TR\" \/>\r\n<meta property=\"og:type\" content=\"article\" \/>\r\n<meta property=\"og:title\" content=\"\u0130leti\u015fim - EmoCardio\" \/>\r\n<meta property=\"og:description\" content=\"\u0130leti\u015fim Bize Ula\u015f\u0131n Telefon 0 232 5024787 0 850 211 09 35 Ofis Adres \u0130zmir Teknoloji Geli\u015ftirme B\u00f6lgesi \u0130YTE Kamp\u00fcs\u00fc, 35430 A4 Binas\u0131 Daire:15 Urla, \u0130zmir \u015eehitler Bulvar\u0131 No: 76 Daire:1 Kar\u015f\u0131yaka,\u0130zmir Email info@emodayazilim.com\" \/>\r\n<meta property=\"og:url\" content=\"https:\/\/emocardio.com\/?page_id=59\" \/>\r\n<meta property=\"og:site_name\" content=\"EmoCardio\" \/>\r\n<meta property=\"article:publisher\" content=\"https:\/\/www.facebook.com\/eModaYazilim\" \/>\r\n<meta property=\"article:modified_time\" content=\"2023-01-06T12:11:38+00:00\" \/>\r\n<meta name=\"twitter:card\" content=\"summary_large_image\" \/>\r\n<meta name=\"twitter:site\" content=\"@eModaYazilim\" \/>\r\n<meta name=\"twitter:label1\" content=\"Tahmini okuma s\u00fcresi\" \/>\n\t<meta name=\"twitter:data1\" content=\"1 dakika\" \/>\r\n<script type=\"application\/ld+json\" class=\"yoast-schema-graph\">{\"@context\":\"https:\/\/schema.org\",\"@graph\":[{\"@type\":\"WebPage\",\"@id\":\"https:\/\/emocardio.com\/?page_id=59\",\"url\":\"https:\/\/emocardio.com\/?page_id=59\",\"name\":\"\u0130leti\u015fim - EmoCardio\",\"isPartOf\":{\"@id\":\"https:\/\/emocardio.com\/#website\"},\"datePublished\":\"2022-02-11T12:29:54+00:00\",\"dateModified\":\"2023-01-06T12:11:38+00:00\",\"breadcrumb\":{\"@id\":\"https:\/\/emocardio.com\/?page_id=59#breadcrumb\"},\"inLanguage\":\"tr\",\"potentialAction\":[{\"@type\":\"ReadAction\",\"target\":[\"https:\/\/emocardio.com\/?page_id=59\"]}]},{\"@type\":\"BreadcrumbList\",\"@id\":\"https:\/\/emocardio.com\/?page_id=59#breadcrumb\",\"itemListElement\":[{\"@type\":\"ListItem\",\"position\":1,\"name\":\"Anasayfa\",\"item\":\"https:\/\/emocardio.com\/\"},{\"@type\":\"ListItem\",\"position\":2,\"name\":\"\u0130leti\u015fim\"}]},{\"@type\":\"WebSite\",\"@id\":\"https:\/\/emocardio.com\/#website\",\"url\":\"https:\/\/emocardio.com\/\",\"name\":\"EmoCardio\",\"description\":\"\",\"publisher\":{\"@id\":\"https:\/\/emocardio.com\/#organization\"},\"potentialAction\":[{\"@type\":\"SearchAction\",\"target\":{\"@type\":\"EntryPoint\",\"urlTemplate\":\"https:\/\/emocardio.com\/?s={search_term_string}\"},\"query-input\":{\"@type\":\"PropertyValueSpecification\",\"valueRequired\":true,\"valueName\":\"search_term_string\"}}],\"inLanguage\":\"tr\"},{\"@type\":\"Organization\",\"@id\":\"https:\/\/emocardio.com\/#organization\",\"name\":\"EmoCardio\",\"url\":\"https:\/\/emocardio.com\/\",\"logo\":{\"@type\":\"ImageObject\",\"inLanguage\":\"tr\",\"@id\":\"https:\/\/emocardio.com\/#\/schema\/logo\/image\/\",\"url\":\"https:\/\/emocardio.com\/wp-content\/uploads\/2022\/02\/EMODALOGOson.png\",\"contentUrl\":\"https:\/\/emocardio.com\/wp-content\/uploads\/2022\/02\/EMODALOGOson.png\",\"width\":1023,\"height\":267,\"caption\":\"EmoCardio\"},\"image\":{\"@id\":\"https:\/\/emocardio.com\/#\/schema\/logo\/image\/\"},\"sameAs\":[\"https:\/\/www.facebook.com\/eModaYazilim\",\"https:\/\/x.com\/eModaYazilim\",\"https:\/\/www.linkedin.com\/company\/emodasoftware\"]}]}<\/script>\r\n<!-- \/ Yoast SEO plugin. -->","yoast_head_json":{"title":"\u0130leti\u015fim - EmoCardio","robots":{"index":"index","follow":"follow","max-snippet":"max-snippet:-1","max-image-preview":"max-image-preview:large","max-video-preview":"max-video-preview:-1"},"canonical":"https:\/\/emocardio.com\/?page_id=59","og_locale":"tr_TR","og_type":"article","og_title":"\u0130leti\u015fim - EmoCardio","og_description":"\u0130leti\u015fim Bize Ula\u015f\u0131n Telefon 0 232 5024787 0 850 211 09 35 Ofis Adres \u0130zmir Teknoloji Geli\u015ftirme B\u00f6lgesi \u0130YTE Kamp\u00fcs\u00fc, 35430 A4 Binas\u0131 Daire:15 Urla, \u0130zmir \u015eehitler Bulvar\u0131 No: 76 Daire:1 Kar\u015f\u0131yaka,\u0130zmir Email info@emodayazilim.com","og_url":"https:\/\/emocardio.com\/?page_id=59","og_site_name":"EmoCardio","article_publisher":"https:\/\/www.facebook.com\/eModaYazilim","article_modified_time":"2023-01-06T12:11:38+00:00","twitter_card":"summary_large_image","twitter_site":"@eModaYazilim","twitter_misc":{"Tahmini okuma s\u00fcresi":"1 dakika"},"schema":{"@context":"https:\/\/schema.org","@graph":[{"@type":"WebPage","@id":"https:\/\/emocardio.com\/?page_id=59","url":"https:\/\/emocardio.com\/?page_id=59","name":"\u0130leti\u015fim - EmoCardio","isPartOf":{"@id":"https:\/\/emocardio.com\/#website"},"datePublished":"2022-02-11T12:29:54+00:00","dateModified":"2023-01-06T12:11:38+00:00","breadcrumb":{"@id":"https:\/\/emocardio.com\/?page_id=59#breadcrumb"},"inLanguage":"tr","potentialAction":[{"@type":"ReadAction","target":["https:\/\/emocardio.com\/?page_id=59"]}]},{"@type":"BreadcrumbList","@id":"https:\/\/emocardio.com\/?page_id=59#breadcrumb","itemListElement":[{"@type":"ListItem","position":1,"name":"Anasayfa","item":"https:\/\/emocardio.com\/"},{"@type":"ListItem","position":2,"name":"\u0130leti\u015fim"}]},{"@type":"WebSite","@id":"https:\/\/emocardio.com\/#website","url":"https:\/\/emocardio.com\/","name":"EmoCardio","description":"","publisher":{"@id":"https:\/\/emocardio.com\/#organization"},"potentialAction":[{"@type":"SearchAction","target":{"@type":"EntryPoint","urlTemplate":"https:\/\/emocardio.com\/?s={search_term_string}"},"query-input":{"@type":"PropertyValueSpecification","valueRequired":true,"valueName":"search_term_string"}}],"inLanguage":"tr"},{"@type":"Organization","@id":"https:\/\/emocardio.com\/#organization","name":"EmoCardio","url":"https:\/\/emocardio.com\/","logo":{"@type":"ImageObject","inLanguage":"tr","@id":"https:\/\/emocardio.com\/#\/schema\/logo\/image\/","url":"https:\/\/emocardio.com\/wp-content\/uploads\/2022\/02\/EMODALOGOson.png","contentUrl":"https:\/\/emocardio.com\/wp-content\/uploads\/2022\/02\/EMODALOGOson.png","width":1023,"height":267,"caption":"EmoCardio"},"image":{"@id":"https:\/\/emocardio.com\/#\/schema\/logo\/image\/"},"sameAs":["https:\/\/www.facebook.com\/eModaYazilim","https:\/\/x.com\/eModaYazilim","https:\/\/www.linkedin.com\/company\/emodasoftware"]}]}},"_links":{"self":[{"href":"https:\/\/emocardio.com\/index.php?rest_route=\/wp\/v2\/pages\/59","targetHints":{"allow":["GET"]}}],"collection":[{"href":"https:\/\/emocardio.com\/index.php?rest_route=\/wp\/v2\/pages"}],"about":[{"href":"https:\/\/emocardio.com\/index.php?rest_route=\/wp\/v2\/types\/page"}],"author":[{"embeddable":true,"href":"https:\/\/emocardio.com\/index.php?rest_route=\/wp\/v2\/users\/1"}],"replies":[{"embeddable":true,"href":"https:\/\/emocardio.com\/index.php?rest_route=%2Fwp%2Fv2%2Fcomments&post=59"}],"version-history":[{"count":20,"href":"https:\/\/emocardio.com\/index.php?rest_route=\/wp\/v2\/pages\/59\/revisions"}],"predecessor-version":[{"id":2975,"href":"https:\/\/emocardio.com\/index.php?rest_route=\/wp\/v2\/pages\/59\/revisions\/2975"}],"wp:attachment":[{"href":"https:\/\/emocardio.com\/index.php?rest_route=%2Fwp%2Fv2%2Fmedia&parent=59"}],"curies":[{"name":"wp","href":"https:\/\/api.w.org\/{rel}","templated":true}]}}